{"id":66,"date":"2024-11-29T11:50:09","date_gmt":"2024-11-29T11:50:09","guid":{"rendered":"https:\/\/mg.wpress.lt\/?page_id=66"},"modified":"2025-11-18T15:34:49","modified_gmt":"2025-11-18T15:34:49","slug":"apie-mus","status":"publish","type":"page","link":"https:\/\/mg.wpress.lt\/lt\/apie-mus","title":{"rendered":"Apie mus"},"content":{"rendered":"<p data-start=\"1259\" data-end=\"1604\">MIGRATION LAW CENTER \u2013 tai migracijos teis\u0117s informacijos ir specializuot\u0173 teisini\u0173 paslaug\u0173 centras, vienijantis migracijos teis\u0117s ir Lietuvos pilietyb\u0117s specialistus. Teikiame profesionali\u0105 pagalb\u0105 Lietuvos ir u\u017esienio valstybi\u0173 pilie\u010diams, j\u0173 \u0161eimos nariams, u\u017esienyje gyvenantiems lietuviams, lietuvi\u0173 palikuoniams bei verslo subjektams.<\/p>\n<p data-start=\"1606\" data-end=\"2029\">M\u016bs\u0173 pagrindinis tikslas \u2013 suteikti ai\u0161ki\u0105 informacij\u0105, kvalifikuot\u0105 teisin\u0119 pagalb\u0105 ir visapusi\u0161kas paslaugas migracijos bei Lietuvos pilietyb\u0117s klausimais. Konsultuojame asmenis, ketinan\u010dius atvykti \u012f Lietuv\u0105, legalius imigrantus, Lietuvos gyventojus, planuojan\u010dius i\u0161vykti \u012f u\u017esien\u012f, taip pat lietuvi\u0173 diasporos atstovus ir j\u0173 palikuonis, siekian\u010dius atkurti Lietuvos pilietyb\u0119 ar planuojan\u010dius gr\u012f\u017eti gyventi \u012f Lietuv\u0105.<\/p>\n","protected":false},"excerpt":{"rendered":"<p>MIGRATION LAW CENTER \u2013 tai migracijos teis\u0117s informacijos ir specializuot\u0173 teisini\u0173 paslaug\u0173 centras, vienijantis migracijos teis\u0117s ir Lietuvos pilietyb\u0117s specialistus. Teikiame profesionali\u0105 pagalb\u0105 Lietuvos ir u\u017esienio valstybi\u0173 pilie\u010diams, j\u0173 \u0161eimos nariams, u\u017esienyje gyvenantiems lietuviams, lietuvi\u0173 palikuoniams bei verslo subjektams. M\u016bs\u0173 pagrindinis tikslas \u2013 suteikti ai\u0161ki\u0105 informacij\u0105, kvalifikuot\u0105 teisin\u0119 pagalb\u0105 ir visapusi\u0161kas paslaugas migracijos bei Lietuvos [&hellip;]<\/p>\n","protected":false},"author":1,"featured_media":0,"parent":0,"menu_order":0,"comment_status":"closed","ping_status":"closed","template":"","meta":{"_acf_changed":false,"_relevanssi_hide_post":"","_relevanssi_hide_content":"","_relevanssi_pin_for_all":"","_relevanssi_pin_keywords":"","_relevanssi_unpin_keywords":"","_relevanssi_related_keywords":"","_relevanssi_related_include_ids":"","_relevanssi_related_exclude_ids":"","_relevanssi_related_no_append":"","_relevanssi_related_not_related":"","_relevanssi_related_posts":"","_relevanssi_noindex_reason":"","footnotes":""},"class_list":["post-66","page","type-page","status-publish","hentry"],"acf":[],"_links":{"self":[{"href":"https:\/\/mg.wpress.lt\/lt\/wp-json\/wp\/v2\/pages\/66","targetHints":{"allow":["GET"]}}],"collection":[{"href":"https:\/\/mg.wpress.lt\/lt\/wp-json\/wp\/v2\/pages"}],"about":[{"href":"https:\/\/mg.wpress.lt\/lt\/wp-json\/wp\/v2\/types\/page"}],"author":[{"embeddable":true,"href":"https:\/\/mg.wpress.lt\/lt\/wp-json\/wp\/v2\/users\/1"}],"replies":[{"embeddable":true,"href":"https:\/\/mg.wpress.lt\/lt\/wp-json\/wp\/v2\/comments?post=66"}],"version-history":[{"count":0,"href":"https:\/\/mg.wpress.lt\/lt\/wp-json\/wp\/v2\/pages\/66\/revisions"}],"wp:attachment":[{"href":"https:\/\/mg.wpress.lt\/lt\/wp-json\/wp\/v2\/media?parent=66"}],"curies":[{"name":"wp","href":"https:\/\/api.w.org\/{rel}","templated":true}]}}