{"id":75,"date":"2024-11-29T12:30:14","date_gmt":"2024-11-29T12:30:14","guid":{"rendered":"https:\/\/mg.wpress.lt\/?page_id=75"},"modified":"2026-03-05T16:22:23","modified_gmt":"2026-03-05T16:22:23","slug":"pagrindinis","status":"publish","type":"page","link":"https:\/\/mg.wpress.lt\/lt","title":{"rendered":"Migration Law Center \u2013 Lietuvos pilietyb\u0117 ir migracijos teisininkai"},"content":{"rendered":"<h2>Migration Law Center \u2013 Lietuvos pilietyb\u0117 ir migracijos teisininkai<\/h2>\n<p data-start=\"921\" data-end=\"1170\">Migration Law Center teikia kompleksines teisines paslaugas u\u017esienio pilie\u010diams ir lietuvi\u0173 kilm\u0117s palikuonims \u2013 <a href=\"https:\/\/mg.wpress.lt\/lt\/lietuvos-pilietybes-atkurimas\">Lietuvos pilietyb\u0117s atk\u016brimas<\/a>, nat\u016bralizacija, <a href=\"https:\/\/mg.wpress.lt\/lt\/dviguba-pilietybe\">dviguba pilietyb\u0117 Lietuvoje<\/a>, dokument\u0173 legalizavimas, migracija ir \u012fmoni\u0173 registracija.<\/p>\n<p data-start=\"1172\" data-end=\"1573\">Mes specializuojam\u0117s <a href=\"https:\/\/mg.wpress.lt\/lt\/lietuvos-pilietybe\">Lietuvos pilietyb\u0117s<\/a> atk\u016brime ir \u012fgijime, nat\u016bralizacijoje, dokument\u0173 legalizavime, \u012fskaitant Apostil\u0119, migracijos klausimuose, leidim\u0173 gyventi i\u0161davimo proced\u016brose bei \u012fmoni\u0173 registracijoje Lietuvoje. Konsultacijos teikiamos el. pa\u0161tu, telefonu arba biure. Padedame parengti visus reikalingus dokumentus ir u\u017etikriname, kad proced\u016bros atitikt\u0173 Lietuvos teis\u0117s akt\u0173 reikalavimus.<\/p>\n<p data-start=\"1172\" data-end=\"1573\"><img loading=\"lazy\" decoding=\"async\" class=\"alignnone size-medium wp-image-5792\" src=\"https:\/\/mg.wpress.lt\/wp-content\/uploads\/2026\/03\/Lithuanian-passport-issuing-term-300x189.jpg\" alt=\"Migration Law Center \u2013 Lietuvos pilietyb\u0117 ir migracijos teisininkai\" width=\"300\" height=\"189\" title=\"\" srcset=\"https:\/\/mg.wpress.lt\/wp-content\/uploads\/2026\/03\/Lithuanian-passport-issuing-term-300x189.jpg 300w, https:\/\/mg.wpress.lt\/wp-content\/uploads\/2026\/03\/Lithuanian-passport-issuing-term-768x483.jpg 768w, https:\/\/mg.wpress.lt\/wp-content\/uploads\/2026\/03\/Lithuanian-passport-issuing-term.jpg 852w\" sizes=\"auto, (max-width: 300px) 100vw, 300px\" \/><\/p>\n","protected":false},"excerpt":{"rendered":"<p>Migration Law Center \u2013 Lietuvos pilietyb\u0117 ir migracijos teisininkai Migration Law Center teikia kompleksines teisines paslaugas u\u017esienio pilie\u010diams ir lietuvi\u0173 kilm\u0117s palikuonims \u2013 Lietuvos pilietyb\u0117s atk\u016brimas, nat\u016bralizacija, dviguba pilietyb\u0117 Lietuvoje, dokument\u0173 legalizavimas, migracija ir \u012fmoni\u0173 registracija. Mes specializuojam\u0117s Lietuvos pilietyb\u0117s atk\u016brime ir \u012fgijime, nat\u016bralizacijoje, dokument\u0173 legalizavime, \u012fskaitant Apostil\u0119, migracijos klausimuose, leidim\u0173 gyventi i\u0161davimo proced\u016brose bei [&hellip;]<\/p>\n","protected":false},"author":1,"featured_media":0,"parent":0,"menu_order":0,"comment_status":"closed","ping_status":"closed","template":"templates\/homepage.php","meta":{"_acf_changed":false,"_relevanssi_hide_post":"","_relevanssi_hide_content":"","_relevanssi_pin_for_all":"","_relevanssi_pin_keywords":"","_relevanssi_unpin_keywords":"","_relevanssi_related_keywords":"","_relevanssi_related_include_ids":"","_relevanssi_related_exclude_ids":"","_relevanssi_related_no_append":"","_relevanssi_related_not_related":"","_relevanssi_related_posts":"","_relevanssi_noindex_reason":"","footnotes":""},"class_list":["post-75","page","type-page","status-publish","hentry"],"acf":[],"_links":{"self":[{"href":"https:\/\/mg.wpress.lt\/lt\/wp-json\/wp\/v2\/pages\/75","targetHints":{"allow":["GET"]}}],"collection":[{"href":"https:\/\/mg.wpress.lt\/lt\/wp-json\/wp\/v2\/pages"}],"about":[{"href":"https:\/\/mg.wpress.lt\/lt\/wp-json\/wp\/v2\/types\/page"}],"author":[{"embeddable":true,"href":"https:\/\/mg.wpress.lt\/lt\/wp-json\/wp\/v2\/users\/1"}],"replies":[{"embeddable":true,"href":"https:\/\/mg.wpress.lt\/lt\/wp-json\/wp\/v2\/comments?post=75"}],"version-history":[{"count":0,"href":"https:\/\/mg.wpress.lt\/lt\/wp-json\/wp\/v2\/pages\/75\/revisions"}],"wp:attachment":[{"href":"https:\/\/mg.wpress.lt\/lt\/wp-json\/wp\/v2\/media?parent=75"}],"curies":[{"name":"wp","href":"https:\/\/api.w.org\/{rel}","templated":true}]}}