{"id":85,"date":"2024-11-29T13:32:56","date_gmt":"2024-11-29T13:32:56","guid":{"rendered":"https:\/\/mg.wpress.lt\/?page_id=85"},"modified":"2024-12-30T14:27:55","modified_gmt":"2024-12-30T14:27:55","slug":"privatumo-politika","status":"publish","type":"page","link":"https:\/\/mg.wpress.lt\/lt\/privatumo-politika","title":{"rendered":"Privatumo politika"},"content":{"rendered":"\n<p>\u0160ioje svetain\u0117je naudojami slapukai. Naudojame slapukus, kad gal\u0117tume suasmeninti turin\u012f bei skelbimus, teikti visuomenin\u0117s medijos funkcijas ir analizuoti sraut\u0105. Be to, svetain\u0117s naudojimo informacij\u0105 bendriname su visuomenin\u0117s medijos, reklamavimo ir analiz\u0117s partneriais, kurie gali j\u0105 prid\u0117ti prie kitos j\u016bs\u0173 pateiktos arba naudojant paslaugas surinktos informacijos. Toliau naudodamiesi m\u016bs\u0173 svetaine, j\u016bs sutinkate su m\u016bs\u0173 slapukais.<\/p>\n\n\n\n<p>Slapukai \u2013 tai nedideli tekstiniai failai, kuriuos galima naudoti svetain\u0117se siekiant pagerinti naudotojo patirt\u012f.<br><br>Pagal \u012fstatym\u0105 slapukus galime saugoti j\u016bs\u0173 \u012frenginyje tik tuo atveju, jei jie b\u016btini \u0161ios svetain\u0117s veikimui. D\u0117l vis\u0173 kit\u0173 tip\u0173 slapuk\u0173 turime gauti j\u016bs\u0173 leidim\u0105.<br><br>\u0160ioje svetain\u0117je naudojami \u012fvairi\u0173 tip\u0173 slapukai. Kai kuriuos slapukus \u012fdeda m\u016bs\u0173 puslapiuose naudojamos tre\u010di\u0173j\u0173 \u0161ali\u0173 tarnybos.<br><br>M\u016bs\u0173 svetain\u0117je Slapuk\u0173 deklaracijoje galite bet kada keisti arba atsiimti savo sutikim\u0105.<br><br>Su\u017einoti i\u0161samiau, kas mes tokie, kaip su mumis galite susisiekti ir kaip mes apdorojame asmeninius duomenis m\u016bs\u0173 Privatumo politikoje.<\/p>\n\n\n\n<p>J\u016bs\u0173 sutikimas taikomas \u0161ioms sritims: www.migration.lt<\/p>\n\n\n\n<p>J\u016bs\u0173 dabartin\u0117: Atmesti.&nbsp;<\/p>\n\n\n\n<p id=\"CookieDeclarationConsentIdAndDate\">J\u016bs\u0173 sutikimo ID: mbTCFlkYYrzQYExinwdXfk9Au98Oy00s+NlMdF37yrUtG2ZZ0j7YJA==Sutikimo data: 2024 m. spalio 14 d., pirmadienis 12:13:38 GMT+3<\/p>\n\n\n\n<p><a href=\"https:\/\/mg.wpress.lt\/privatumo-politika#\">Pakeiskite savo sutikim\u0105<\/a><\/p>\n\n\n\n<p>Slapuk\u0173 apra\u0161as paskutin\u012f kart\u0105 atnaujintas 12\/7\/24; atnaujino <a href=\"https:\/\/www.cookiebot.com\" target=\"_blank\" rel=\"noreferrer noopener\">Cookiebot<\/a>:<\/p>\n\n\n\n<p>B\u016btini (1)<\/p>\n\n\n\n<p>Kad svetain\u0119 b\u016bt\u0173 lengviau naudoti, b\u016btinais slapukais aktyvinamos pagrindin\u0117s funkcijos, pavyzd\u017eiui, nar\u0161ymo puslapiuose ir prieigos prie svetain\u0117s apsaugot\u0173 sri\u010di\u0173. Be \u0161i\u0173 slapuk\u0173 svetain\u0117 neveiks tinkamai.<\/p>\n\n\n\n<figure class=\"wp-block-table\"><table class=\"has-fixed-layout\"><thead><tr><th>Pavadinimas<\/th><th>Teik\u0117jas<\/th><th>Paskirtis<\/th><th>Ilgiausia saugojimo trukm\u0117<\/th><th>Tipas<\/th><\/tr><\/thead><tbody><tr><td>CookieConsent<\/td><td><a target=\"_blank\" rel=\"noreferrer noopener\" href=\"https:\/\/www.cookiebot.com\/goto\/privacy-policy\/\">Cookiebot<\/a><\/td><td>Stores the user&#8217;s cookie consent state for the current domain<\/td><td>1 metai<\/td><td>HTTP slapukas<\/td><\/tr><\/tbody><\/table><\/figure>\n","protected":false},"excerpt":{"rendered":"<p>\u0160ioje svetain\u0117je naudojami slapukai. Naudojame slapukus, kad gal\u0117tume suasmeninti turin\u012f bei skelbimus, teikti visuomenin\u0117s medijos funkcijas ir analizuoti sraut\u0105. Be to, svetain\u0117s naudojimo informacij\u0105 bendriname su visuomenin\u0117s medijos, reklamavimo ir analiz\u0117s partneriais, kurie gali j\u0105 prid\u0117ti prie kitos j\u016bs\u0173 pateiktos arba naudojant paslaugas surinktos informacijos. Toliau naudodamiesi m\u016bs\u0173 svetaine, j\u016bs sutinkate su m\u016bs\u0173 slapukais. Slapukai [&hellip;]<\/p>\n","protected":false},"author":1,"featured_media":0,"parent":0,"menu_order":0,"comment_status":"closed","ping_status":"closed","template":"","meta":{"_acf_changed":false,"_relevanssi_hide_post":"","_relevanssi_hide_content":"","_relevanssi_pin_for_all":"","_relevanssi_pin_keywords":"","_relevanssi_unpin_keywords":"","_relevanssi_related_keywords":"","_relevanssi_related_include_ids":"","_relevanssi_related_exclude_ids":"","_relevanssi_related_no_append":"","_relevanssi_related_not_related":"","_relevanssi_related_posts":"","_relevanssi_noindex_reason":"","footnotes":""},"class_list":["post-85","page","type-page","status-publish","hentry"],"acf":[],"_links":{"self":[{"href":"https:\/\/mg.wpress.lt\/lt\/wp-json\/wp\/v2\/pages\/85","targetHints":{"allow":["GET"]}}],"collection":[{"href":"https:\/\/mg.wpress.lt\/lt\/wp-json\/wp\/v2\/pages"}],"about":[{"href":"https:\/\/mg.wpress.lt\/lt\/wp-json\/wp\/v2\/types\/page"}],"author":[{"embeddable":true,"href":"https:\/\/mg.wpress.lt\/lt\/wp-json\/wp\/v2\/users\/1"}],"replies":[{"embeddable":true,"href":"https:\/\/mg.wpress.lt\/lt\/wp-json\/wp\/v2\/comments?post=85"}],"version-history":[{"count":0,"href":"https:\/\/mg.wpress.lt\/lt\/wp-json\/wp\/v2\/pages\/85\/revisions"}],"wp:attachment":[{"href":"https:\/\/mg.wpress.lt\/lt\/wp-json\/wp\/v2\/media?parent=85"}],"curies":[{"name":"wp","href":"https:\/\/api.w.org\/{rel}","templated":true}]}}